{"id":1870,"date":"2026-02-05T03:50:20","date_gmt":"2026-02-05T03:50:20","guid":{"rendered":"https:\/\/amertaat-wellness.com\/en\/terms\/"},"modified":"2026-02-05T03:50:20","modified_gmt":"2026-02-05T03:50:20","slug":"terms","status":"publish","type":"page","link":"https:\/\/amertaat-wellness.com\/it\/terms\/","title":{"rendered":"Termini e Condizioni"},"content":{"rendered":"<h2 class=\"wp-block-heading\">Termini e Condizioni<\/h2>\n\n\n<p>Si prega di leggere attentamente i presenti termini e condizioni prima di utilizzare il nostro sito web e i nostri servizi.<\/p>\n\n\n\n<h3 class=\"wp-block-heading\">1. Accettazione dei Termini<\/h3>\n\n\n\n<p>Accedendo e utilizzando questo sito Web, accetti di essere vincolato dai termini e dalle condizioni di questo accordo.<\/p>\n\n\n\n<h3 class=\"wp-block-heading\">2. Utilizzo della licenza<\/h3>\n\n\n\n<p>\u00c8 concesso il permesso di scaricare temporaneamente una copia dei materiali presenti su questo sito web per una visione personale, non commerciale e transitoria.<\/p>\n\n\n\n<h3 class=\"wp-block-heading\">3. Disclaimer<\/h3>\n\n\n\n<p>I materiali presenti su questo sito web sono forniti \u201ccos\u00ec come sono\u201d. Non forniamo alcuna garanzia, esplicita o implicita, e con la presente decliniamo e neghiamo tutte le altre garanzie, incluse, a titolo esemplificativo, garanzie o condizioni implicite di commerciabilit\u00e0, idoneit\u00e0 per uno scopo particolare o non violazione della propriet\u00e0 intellettuale o di altri diritti.<\/p>\n\n\n\n<h3 class=\"wp-block-heading\">4. Limitazioni<\/h3>\n\n\n\n<p>In nessun caso noi o i nostri fornitori saremo responsabili per eventuali danni (inclusi, a titolo esemplificativo ma non esaustivo, danni per perdita di dati o profitti, o dovuti a interruzione dell'attivit\u00e0) derivanti dall'uso o dall'incapacit\u00e0 di utilizzare i materiali su questo sito web.<\/p>\n\n\n\n<h3 class=\"wp-block-heading\">5. Revisioni<\/h3>\n\n\n\n<p>Potremmo rivedere questi termini di servizio in qualsiasi momento senza preavviso. Utilizzando questo sito Web, accetti di essere vincolato dalla versione in vigore di questi termini di servizio.<\/p>\n\n\n\n<h3 class=\"wp-block-heading\">6. Informazioni di contatto<\/h3>\n\n\n\n<p>Se hai domande su questi Termini e Condizioni, ti preghiamo di contattarci.<\/p>\n\n    <div class=\"xs_social_share_widget xs_share_url after_content \t\tmain_content  wslu-style-1 wslu-share-box-shaped wslu-fill-colored wslu-none wslu-share-horizontal wslu-theme-font-no wslu-main_content\">\n\n\t\t\n        <ul>\n\t\t\t        <\/ul>\n    <\/div>","protected":false},"excerpt":{"rendered":"<p>Terms and Conditions Please read these terms and conditions carefully before using our website and services. 1. Acceptance of Terms By accessing and using this website, you accept and agree to be bound by the terms and provision of this agreement. 2. Use License Permission is granted to temporarily download one copy of the materials on this website for personal, non-commercial transitory viewing only. 3. Disclaimer The materials on this website are provided on an &#8220;as is&#8221; basis. We make no warranties, expressed or implied, and hereby disclaim and negate all other warranties including, without limitation, implied warranties or conditions of merchantability, fitness for a particular purpose, or non-infringement of intellectual property or other violation of rights. 4. Limitations In no event shall we or our suppliers be liable for any damages (including, without limitation, damages for loss of data or profit, or due to business interruption) arising out of the use or inability to use the materials on this website. 5. Revisions We may revise these terms of service at any time without notice. By using this website you are agreeing to be bound by the then current version of these terms of service. 6. Contact Information If you have any questions about these Terms and Conditions, please contact us.<\/p>","protected":false},"author":1,"featured_media":0,"parent":0,"menu_order":0,"comment_status":"closed","ping_status":"closed","template":"","meta":{"postBodyCss":"","postBodyMargin":[],"postBodyPadding":[],"postBodyBackground":{"backgroundType":"classic","gradient":""},"footnotes":""},"class_list":["post-1870","page","type-page","status-publish","hentry"],"_links":{"self":[{"href":"https:\/\/amertaat-wellness.com\/it\/wp-json\/wp\/v2\/pages\/1870","targetHints":{"allow":["GET"]}}],"collection":[{"href":"https:\/\/amertaat-wellness.com\/it\/wp-json\/wp\/v2\/pages"}],"about":[{"href":"https:\/\/amertaat-wellness.com\/it\/wp-json\/wp\/v2\/types\/page"}],"author":[{"embeddable":true,"href":"https:\/\/amertaat-wellness.com\/it\/wp-json\/wp\/v2\/users\/1"}],"replies":[{"embeddable":true,"href":"https:\/\/amertaat-wellness.com\/it\/wp-json\/wp\/v2\/comments?post=1870"}],"version-history":[{"count":0,"href":"https:\/\/amertaat-wellness.com\/it\/wp-json\/wp\/v2\/pages\/1870\/revisions"}],"wp:attachment":[{"href":"https:\/\/amertaat-wellness.com\/it\/wp-json\/wp\/v2\/media?parent=1870"}],"curies":[{"name":"wp","href":"https:\/\/api.w.org\/{rel}","templated":true}]}}